{"id":1519,"date":"2024-02-21T09:22:27","date_gmt":"2024-02-21T13:22:27","guid":{"rendered":"https:\/\/southlabs.agency\/es\/?page_id=1519"},"modified":"2025-07-08T12:15:57","modified_gmt":"2025-07-08T15:15:57","slug":"agendamiento-v2","status":"publish","type":"page","link":"https:\/\/southlabs.agency\/es\/agendamiento-v2\/","title":{"rendered":"Agenda una llamada con nuestro equipo"},"content":{"rendered":"\t\t<div data-elementor-type=\"wp-page\" data-elementor-id=\"1519\" class=\"elementor elementor-1519\" data-elementor-post-type=\"page\">\n\t\t\t\t\t\t<section class=\"elementor-section elementor-top-section elementor-element elementor-element-3c2baea elementor-section-full_width elementor-section-height-default elementor-section-height-default\" data-id=\"3c2baea\" data-element_type=\"section\" data-e-type=\"section\" data-settings=\"{&quot;background_background&quot;:&quot;classic&quot;,&quot;shape_divider_top&quot;:&quot;mountains&quot;}\">\n\t\t\t\t\t\t\t<div class=\"elementor-background-overlay\"><\/div>\n\t\t\t\t\t\t<div class=\"elementor-shape elementor-shape-top\" aria-hidden=\"true\" data-negative=\"false\">\n\t\t\t<svg xmlns=\"http:\/\/www.w3.org\/2000\/svg\" viewBox=\"0 0 1000 100\" preserveAspectRatio=\"none\">\n\t<path class=\"elementor-shape-fill\" opacity=\"0.33\" d=\"M473,67.3c-203.9,88.3-263.1-34-320.3,0C66,119.1,0,59.7,0,59.7V0h1000v59.7 c0,0-62.1,26.1-94.9,29.3c-32.8,3.3-62.8-12.3-75.8-22.1C806,49.6,745.3,8.7,694.9,4.7S492.4,59,473,67.3z\"\/>\n\t<path class=\"elementor-shape-fill\" opacity=\"0.66\" d=\"M734,67.3c-45.5,0-77.2-23.2-129.1-39.1c-28.6-8.7-150.3-10.1-254,39.1 s-91.7-34.4-149.2,0C115.7,118.3,0,39.8,0,39.8V0h1000v36.5c0,0-28.2-18.5-92.1-18.5C810.2,18.1,775.7,67.3,734,67.3z\"\/>\n\t<path class=\"elementor-shape-fill\" d=\"M766.1,28.9c-200-57.5-266,65.5-395.1,19.5C242,1.8,242,5.4,184.8,20.6C128,35.8,132.3,44.9,89.9,52.5C28.6,63.7,0,0,0,0 h1000c0,0-9.9,40.9-83.6,48.1S829.6,47,766.1,28.9z\"\/>\n<\/svg>\t\t<\/div>\n\t\t\t\t\t<div class=\"elementor-container elementor-column-gap-no\">\n\t\t\t\t\t<div class=\"elementor-column elementor-col-100 elementor-top-column elementor-element elementor-element-6c386e5a\" data-id=\"6c386e5a\" data-element_type=\"column\" data-e-type=\"column\">\n\t\t\t<div class=\"elementor-widget-wrap elementor-element-populated\">\n\t\t\t\t\t\t<div class=\"elementor-element elementor-element-5aa2327f elementor-widget elementor-widget-spacer\" data-id=\"5aa2327f\" data-element_type=\"widget\" data-e-type=\"widget\" data-widget_type=\"spacer.default\">\n\t\t\t\t<div class=\"elementor-widget-container\">\n\t\t\t\t\t\t\t<div class=\"elementor-spacer\">\n\t\t\t<div class=\"elementor-spacer-inner\"><\/div>\n\t\t<\/div>\n\t\t\t\t\t\t<\/div>\n\t\t\t\t<\/div>\n\t\t\t\t<div class=\"elementor-element elementor-element-1e677b03 elementor-widget elementor-widget-progress\" data-id=\"1e677b03\" data-element_type=\"widget\" data-e-type=\"widget\" data-widget_type=\"progress.default\">\n\t\t\t\t<div class=\"elementor-widget-container\">\n\t\t\t\t\t\n\t\t<div class=\"elementor-progress-wrapper progress-success\" role=\"progressbar\" aria-valuemin=\"0\" aria-valuemax=\"100\" aria-valuenow=\"75\" aria-valuetext=\"75% (Solo falta 1 paso)\">\n\t\t\t<div class=\"elementor-progress-bar\" data-max=\"75\">\n\t\t\t\t<span class=\"elementor-progress-text\">Solo falta 1 paso<\/span>\n\t\t\t\t\t\t\t\t\t<span class=\"elementor-progress-percentage\">75%<\/span>\n\t\t\t\t\t\t\t<\/div>\n\t\t<\/div>\n\t\t\t\t\t\t<\/div>\n\t\t\t\t<\/div>\n\t\t\t\t<div class=\"elementor-element elementor-element-32705c18 elementor-invisible elementor-widget elementor-widget-heading\" data-id=\"32705c18\" data-element_type=\"widget\" data-e-type=\"widget\" data-settings=\"{&quot;_animation&quot;:&quot;bounce&quot;}\" data-widget_type=\"heading.default\">\n\t\t\t\t<div class=\"elementor-widget-container\">\n\t\t\t\t\t<h1 class=\"elementor-heading-title elementor-size-default\">Este es el siguiente paso si ya probaste de todo\u2026 y a\u00fan no tienes los pacientes que quieres.<\/h1>\t\t\t\t<\/div>\n\t\t\t\t<\/div>\n\t\t\t\t<div class=\"elementor-element elementor-element-72521871 elementor-widget elementor-widget-text-editor\" data-id=\"72521871\" data-element_type=\"widget\" data-e-type=\"widget\" data-widget_type=\"text-editor.default\">\n\t\t\t\t<div class=\"elementor-widget-container\">\n\t\t\t\t\t\t\t\t\t<p data-start=\"251\" data-end=\"293\">En South Labs no vendemos \u201cm\u00e1s marketing\u201d.<\/p><p data-start=\"295\" data-end=\"471\">Implementamos un <strong data-start=\"312\" data-end=\"332\">Sistema completo<\/strong> que va desde las campa\u00f1as hasta las automatizaciones que agendan y dan seguimiento a cada potencial paciente, <strong data-start=\"443\" data-end=\"470\">incluso mientras duermes<\/strong>.<\/p><p data-start=\"473\" data-end=\"651\">Si tienes una cl\u00ednica est\u00e9tica o eres cirujano pl\u00e1stico, y quieres escalar con un sistema que ya est\u00e1 funcionando en varios pa\u00edses, <strong data-start=\"602\" data-end=\"650\">agenda ahora tu llamada estrat\u00e9gica gratuita<\/strong>.<\/p><p data-start=\"653\" data-end=\"664\">\ud83d\udc49 Vamos a:<\/p><ul data-start=\"665\" data-end=\"849\"><li data-start=\"665\" data-end=\"704\"><p data-start=\"667\" data-end=\"704\">Entender c\u00f3mo funciona tu cl\u00ednica hoy<\/p><\/li><li data-start=\"705\" data-end=\"788\"><p data-start=\"707\" data-end=\"788\">Mostrarte qu\u00e9 partes del sistema puedes aplicar para mejorar tus resultados r\u00e1pido<\/p><\/li><li data-start=\"789\" data-end=\"849\"><p data-start=\"791\" data-end=\"849\">Evaluar si somos el equipo adecuado para ayudarte a crecer<\/p><\/li><\/ul><p data-start=\"851\" data-end=\"925\"><strong data-start=\"851\" data-end=\"925\">Esto no es una clase de marketing. Es un plan claro para facturar m\u00e1s.<\/strong><\/p><p data-start=\"927\" data-end=\"982\">Seleccion\u00e1 fecha y hora para tu llamada 1 a 1 por Zoom.<\/p>\t\t\t\t\t\t\t\t<\/div>\n\t\t\t\t<\/div>\n\t\t\t\t<div class=\"elementor-element elementor-element-39d40457 calendar elementor-widget elementor-widget-html\" data-id=\"39d40457\" data-element_type=\"widget\" data-e-type=\"widget\" data-widget_type=\"html.default\">\n\t\t\t\t<div class=\"elementor-widget-container\">\n\t\t\t\t\t<iframe src=\"https:\/\/api.leadconnectorhq.com\/widget\/booking\/1dbBJiiBIbhuiG0d06sL\" style=\"width: 100%;border:none;overflow: hidden;\" scrolling=\"no\" id=\"1dbBJiiBIbhuiG0d06sL_1744161710898\"><\/iframe><br><script src=\"https:\/\/api.leadconnectorhq.com\/js\/form_embed.js\" type=\"text\/javascript\"><\/script>\t\t\t\t<\/div>\n\t\t\t\t<\/div>\n\t\t\t\t<div class=\"elementor-element elementor-element-63f902a1 elementor-widget elementor-widget-spacer\" data-id=\"63f902a1\" data-element_type=\"widget\" data-e-type=\"widget\" data-widget_type=\"spacer.default\">\n\t\t\t\t<div class=\"elementor-widget-container\">\n\t\t\t\t\t\t\t<div class=\"elementor-spacer\">\n\t\t\t<div class=\"elementor-spacer-inner\"><\/div>\n\t\t<\/div>\n\t\t\t\t\t\t<\/div>\n\t\t\t\t<\/div>\n\t\t\t\t\t<\/div>\n\t\t<\/div>\n\t\t\t\t\t<\/div>\n\t\t<\/section>\n\t\t<div class=\"elementor-element elementor-element-8b7f391 e-flex e-con-boxed e-con e-parent\" data-id=\"8b7f391\" data-element_type=\"container\" data-e-type=\"container\">\n\t\t\t\t\t<div class=\"e-con-inner\">\n\t\t\t\t\t<\/div>\n\t\t\t\t<\/div>\n\t\t\t\t<\/div>\n\t\t","protected":false},"excerpt":{"rendered":"<p>Solo falta 1 paso 75% Este es el siguiente paso si ya probaste de todo\u2026 y a\u00fan no tienes los pacientes que quieres. En South Labs no vendemos \u201cm\u00e1s marketing\u201d. Implementamos un Sistema completo que va desde las campa\u00f1as hasta las automatizaciones que agendan y dan seguimiento a cada potencial paciente, incluso mientras duermes. Si [&hellip;]<\/p>\n","protected":false},"author":1,"featured_media":149,"parent":0,"menu_order":0,"comment_status":"closed","ping_status":"closed","template":"","meta":{"footnotes":""},"class_list":["post-1519","page","type-page","status-publish","has-post-thumbnail","hentry"],"yoast_head":"<!-- This site is optimized with the Yoast SEO Premium plugin v20.5 (Yoast SEO v20.5) - https:\/\/yoast.com\/wordpress\/plugins\/seo\/ -->\n<title>Agenda una llamada con nuestro equipo - South Labs - Digital Marketing<\/title>\n<meta name=\"robots\" content=\"index, follow, max-snippet:-1, max-image-preview:large, max-video-preview:-1\" \/>\n<link rel=\"canonical\" href=\"https:\/\/southlabs.agency\/es\/agendamiento-v2\/\" \/>\n<meta property=\"og:locale\" content=\"en_US\" \/>\n<meta property=\"og:type\" content=\"article\" \/>\n<meta property=\"og:title\" content=\"Agenda una llamada con nuestro equipo\" \/>\n<meta property=\"og:description\" content=\"Solo falta 1 paso 75% Este es el siguiente paso si ya probaste de todo\u2026 y a\u00fan no tienes los pacientes que quieres. En South Labs no vendemos \u201cm\u00e1s marketing\u201d. Implementamos un Sistema completo que va desde las campa\u00f1as hasta las automatizaciones que agendan y dan seguimiento a cada potencial paciente, incluso mientras duermes. Si [&hellip;]\" \/>\n<meta property=\"og:url\" content=\"https:\/\/southlabs.agency\/es\/agendamiento-v2\/\" \/>\n<meta property=\"og:site_name\" content=\"South Labs - Digital Marketing\" \/>\n<meta property=\"article:publisher\" content=\"https:\/\/www.facebook.com\/marketing4surgeons\" \/>\n<meta property=\"article:modified_time\" content=\"2025-07-08T15:15:57+00:00\" \/>\n<meta property=\"og:image\" content=\"https:\/\/southlabs.agency\/es\/wp-content\/uploads\/2022\/08\/imagen-doctor.jpeg\" \/>\n\t<meta property=\"og:image:width\" content=\"1280\" \/>\n\t<meta property=\"og:image:height\" content=\"853\" \/>\n\t<meta property=\"og:image:type\" content=\"image\/jpeg\" \/>\n<meta name=\"twitter:card\" content=\"summary_large_image\" \/>\n<meta name=\"twitter:label1\" content=\"Est. reading time\" \/>\n\t<meta name=\"twitter:data1\" content=\"1 minute\" \/>\n<script type=\"application\/ld+json\" class=\"yoast-schema-graph\">{\"@context\":\"https:\/\/schema.org\",\"@graph\":[{\"@type\":\"WebPage\",\"@id\":\"https:\/\/southlabs.agency\/es\/agendamiento-v2\/\",\"url\":\"https:\/\/southlabs.agency\/es\/agendamiento-v2\/\",\"name\":\"Agenda una llamada con nuestro equipo - South Labs - Digital Marketing\",\"isPartOf\":{\"@id\":\"https:\/\/southlabs.agency\/es\/#website\"},\"datePublished\":\"2024-02-21T13:22:27+00:00\",\"dateModified\":\"2025-07-08T15:15:57+00:00\",\"breadcrumb\":{\"@id\":\"https:\/\/southlabs.agency\/es\/agendamiento-v2\/#breadcrumb\"},\"inLanguage\":\"en-US\",\"potentialAction\":[{\"@type\":\"ReadAction\",\"target\":[\"https:\/\/southlabs.agency\/es\/agendamiento-v2\/\"]}]},{\"@type\":\"BreadcrumbList\",\"@id\":\"https:\/\/southlabs.agency\/es\/agendamiento-v2\/#breadcrumb\",\"itemListElement\":[{\"@type\":\"ListItem\",\"position\":1,\"name\":\"Home\",\"item\":\"https:\/\/southlabs.agency\/es\/\"},{\"@type\":\"ListItem\",\"position\":2,\"name\":\"Agenda una llamada con nuestro equipo\"}]},{\"@type\":\"WebSite\",\"@id\":\"https:\/\/southlabs.agency\/es\/#website\",\"url\":\"https:\/\/southlabs.agency\/es\/\",\"name\":\"South Labs - Digital Marketing\",\"description\":\"We do real marketing for you\",\"publisher\":{\"@id\":\"https:\/\/southlabs.agency\/es\/#organization\"},\"potentialAction\":[{\"@type\":\"SearchAction\",\"target\":{\"@type\":\"EntryPoint\",\"urlTemplate\":\"https:\/\/southlabs.agency\/es\/?s={search_term_string}\"},\"query-input\":\"required name=search_term_string\"}],\"inLanguage\":\"en-US\"},{\"@type\":\"Organization\",\"@id\":\"https:\/\/southlabs.agency\/es\/#organization\",\"name\":\"South Labs - Marketing digital para cirujanos pl\u00e1sticos y cl\u00ednicas est\u00e9ticas\",\"url\":\"https:\/\/southlabs.agency\/es\/\",\"logo\":{\"@type\":\"ImageObject\",\"inLanguage\":\"en-US\",\"@id\":\"https:\/\/southlabs.agency\/es\/#\/schema\/logo\/image\/\",\"url\":\"https:\/\/southlabs.agency\/es\/wp-content\/uploads\/2022\/08\/cropped-south-labs-long-logo.png\",\"contentUrl\":\"https:\/\/southlabs.agency\/es\/wp-content\/uploads\/2022\/08\/cropped-south-labs-long-logo.png\",\"width\":2512,\"height\":718,\"caption\":\"South Labs - Marketing digital para cirujanos pl\u00e1sticos y cl\u00ednicas est\u00e9ticas\"},\"image\":{\"@id\":\"https:\/\/southlabs.agency\/es\/#\/schema\/logo\/image\/\"},\"sameAs\":[\"https:\/\/www.facebook.com\/marketing4surgeons\",\"https:\/\/www.instagram.com\/marketing4surgeons\/\"]}]}<\/script>\n<!-- \/ Yoast SEO Premium plugin. -->","yoast_head_json":{"title":"Agenda una llamada con nuestro equipo - South Labs - Digital Marketing","robots":{"index":"index","follow":"follow","max-snippet":"max-snippet:-1","max-image-preview":"max-image-preview:large","max-video-preview":"max-video-preview:-1"},"canonical":"https:\/\/southlabs.agency\/es\/agendamiento-v2\/","og_locale":"en_US","og_type":"article","og_title":"Agenda una llamada con nuestro equipo","og_description":"Solo falta 1 paso 75% Este es el siguiente paso si ya probaste de todo\u2026 y a\u00fan no tienes los pacientes que quieres. En South Labs no vendemos \u201cm\u00e1s marketing\u201d. Implementamos un Sistema completo que va desde las campa\u00f1as hasta las automatizaciones que agendan y dan seguimiento a cada potencial paciente, incluso mientras duermes. Si [&hellip;]","og_url":"https:\/\/southlabs.agency\/es\/agendamiento-v2\/","og_site_name":"South Labs - Digital Marketing","article_publisher":"https:\/\/www.facebook.com\/marketing4surgeons","article_modified_time":"2025-07-08T15:15:57+00:00","og_image":[{"width":1280,"height":853,"url":"https:\/\/southlabs.agency\/es\/wp-content\/uploads\/2022\/08\/imagen-doctor.jpeg","type":"image\/jpeg"}],"twitter_card":"summary_large_image","twitter_misc":{"Est. reading time":"1 minute"},"schema":{"@context":"https:\/\/schema.org","@graph":[{"@type":"WebPage","@id":"https:\/\/southlabs.agency\/es\/agendamiento-v2\/","url":"https:\/\/southlabs.agency\/es\/agendamiento-v2\/","name":"Agenda una llamada con nuestro equipo - South Labs - Digital Marketing","isPartOf":{"@id":"https:\/\/southlabs.agency\/es\/#website"},"datePublished":"2024-02-21T13:22:27+00:00","dateModified":"2025-07-08T15:15:57+00:00","breadcrumb":{"@id":"https:\/\/southlabs.agency\/es\/agendamiento-v2\/#breadcrumb"},"inLanguage":"en-US","potentialAction":[{"@type":"ReadAction","target":["https:\/\/southlabs.agency\/es\/agendamiento-v2\/"]}]},{"@type":"BreadcrumbList","@id":"https:\/\/southlabs.agency\/es\/agendamiento-v2\/#breadcrumb","itemListElement":[{"@type":"ListItem","position":1,"name":"Home","item":"https:\/\/southlabs.agency\/es\/"},{"@type":"ListItem","position":2,"name":"Agenda una llamada con nuestro equipo"}]},{"@type":"WebSite","@id":"https:\/\/southlabs.agency\/es\/#website","url":"https:\/\/southlabs.agency\/es\/","name":"South Labs - Digital Marketing","description":"We do real marketing for you","publisher":{"@id":"https:\/\/southlabs.agency\/es\/#organization"},"potentialAction":[{"@type":"SearchAction","target":{"@type":"EntryPoint","urlTemplate":"https:\/\/southlabs.agency\/es\/?s={search_term_string}"},"query-input":"required name=search_term_string"}],"inLanguage":"en-US"},{"@type":"Organization","@id":"https:\/\/southlabs.agency\/es\/#organization","name":"South Labs - Marketing digital para cirujanos pl\u00e1sticos y cl\u00ednicas est\u00e9ticas","url":"https:\/\/southlabs.agency\/es\/","logo":{"@type":"ImageObject","inLanguage":"en-US","@id":"https:\/\/southlabs.agency\/es\/#\/schema\/logo\/image\/","url":"https:\/\/southlabs.agency\/es\/wp-content\/uploads\/2022\/08\/cropped-south-labs-long-logo.png","contentUrl":"https:\/\/southlabs.agency\/es\/wp-content\/uploads\/2022\/08\/cropped-south-labs-long-logo.png","width":2512,"height":718,"caption":"South Labs - Marketing digital para cirujanos pl\u00e1sticos y cl\u00ednicas est\u00e9ticas"},"image":{"@id":"https:\/\/southlabs.agency\/es\/#\/schema\/logo\/image\/"},"sameAs":["https:\/\/www.facebook.com\/marketing4surgeons","https:\/\/www.instagram.com\/marketing4surgeons\/"]}]}},"_links":{"self":[{"href":"https:\/\/southlabs.agency\/es\/wp-json\/wp\/v2\/pages\/1519","targetHints":{"allow":["GET"]}}],"collection":[{"href":"https:\/\/southlabs.agency\/es\/wp-json\/wp\/v2\/pages"}],"about":[{"href":"https:\/\/southlabs.agency\/es\/wp-json\/wp\/v2\/types\/page"}],"author":[{"embeddable":true,"href":"https:\/\/southlabs.agency\/es\/wp-json\/wp\/v2\/users\/1"}],"replies":[{"embeddable":true,"href":"https:\/\/southlabs.agency\/es\/wp-json\/wp\/v2\/comments?post=1519"}],"version-history":[{"count":44,"href":"https:\/\/southlabs.agency\/es\/wp-json\/wp\/v2\/pages\/1519\/revisions"}],"predecessor-version":[{"id":2626,"href":"https:\/\/southlabs.agency\/es\/wp-json\/wp\/v2\/pages\/1519\/revisions\/2626"}],"wp:featuredmedia":[{"embeddable":true,"href":"https:\/\/southlabs.agency\/es\/wp-json\/wp\/v2\/media\/149"}],"wp:attachment":[{"href":"https:\/\/southlabs.agency\/es\/wp-json\/wp\/v2\/media?parent=1519"}],"curies":[{"name":"wp","href":"https:\/\/api.w.org\/{rel}","templated":true}]}}