{"id":477,"date":"2022-09-03T12:03:47","date_gmt":"2022-09-03T16:03:47","guid":{"rendered":"https:\/\/southlabses.vendomas.pro\/?page_id=477"},"modified":"2025-04-11T10:34:19","modified_gmt":"2025-04-11T13:34:19","slug":"llamada","status":"publish","type":"page","link":"https:\/\/southlabs.agency\/es\/llamada\/","title":{"rendered":"Agenda una llamada de descubrimiento gratuita &#8211; Impulsemos juntos tu clinica"},"content":{"rendered":"\t\t<div data-elementor-type=\"wp-page\" data-elementor-id=\"477\" class=\"elementor elementor-477\" data-elementor-post-type=\"page\">\n\t\t\t\t\t\t<section class=\"elementor-section elementor-top-section elementor-element elementor-element-3c14ae01 elementor-section-full_width elementor-section-height-default elementor-section-height-default\" data-id=\"3c14ae01\" data-element_type=\"section\" data-e-type=\"section\" data-settings=\"{&quot;background_background&quot;:&quot;classic&quot;,&quot;shape_divider_top&quot;:&quot;mountains&quot;}\">\n\t\t\t\t\t\t\t<div class=\"elementor-background-overlay\"><\/div>\n\t\t\t\t\t\t<div class=\"elementor-shape elementor-shape-top\" aria-hidden=\"true\" data-negative=\"false\">\n\t\t\t<svg xmlns=\"http:\/\/www.w3.org\/2000\/svg\" viewBox=\"0 0 1000 100\" preserveAspectRatio=\"none\">\n\t<path class=\"elementor-shape-fill\" opacity=\"0.33\" d=\"M473,67.3c-203.9,88.3-263.1-34-320.3,0C66,119.1,0,59.7,0,59.7V0h1000v59.7 c0,0-62.1,26.1-94.9,29.3c-32.8,3.3-62.8-12.3-75.8-22.1C806,49.6,745.3,8.7,694.9,4.7S492.4,59,473,67.3z\"\/>\n\t<path class=\"elementor-shape-fill\" opacity=\"0.66\" d=\"M734,67.3c-45.5,0-77.2-23.2-129.1-39.1c-28.6-8.7-150.3-10.1-254,39.1 s-91.7-34.4-149.2,0C115.7,118.3,0,39.8,0,39.8V0h1000v36.5c0,0-28.2-18.5-92.1-18.5C810.2,18.1,775.7,67.3,734,67.3z\"\/>\n\t<path class=\"elementor-shape-fill\" d=\"M766.1,28.9c-200-57.5-266,65.5-395.1,19.5C242,1.8,242,5.4,184.8,20.6C128,35.8,132.3,44.9,89.9,52.5C28.6,63.7,0,0,0,0 h1000c0,0-9.9,40.9-83.6,48.1S829.6,47,766.1,28.9z\"\/>\n<\/svg>\t\t<\/div>\n\t\t\t\t\t<div class=\"elementor-container elementor-column-gap-no\">\n\t\t\t\t\t<div class=\"elementor-column elementor-col-100 elementor-top-column elementor-element elementor-element-5b33b19a\" data-id=\"5b33b19a\" data-element_type=\"column\" data-e-type=\"column\">\n\t\t\t<div class=\"elementor-widget-wrap elementor-element-populated\">\n\t\t\t\t\t\t<div class=\"elementor-element elementor-element-271aecfe elementor-widget elementor-widget-spacer\" data-id=\"271aecfe\" data-element_type=\"widget\" data-e-type=\"widget\" data-widget_type=\"spacer.default\">\n\t\t\t\t<div class=\"elementor-widget-container\">\n\t\t\t\t\t\t\t<div class=\"elementor-spacer\">\n\t\t\t<div class=\"elementor-spacer-inner\"><\/div>\n\t\t<\/div>\n\t\t\t\t\t\t<\/div>\n\t\t\t\t<\/div>\n\t\t\t\t<div class=\"elementor-element elementor-element-41bd5e00 elementor-widget elementor-widget-progress\" data-id=\"41bd5e00\" data-element_type=\"widget\" data-e-type=\"widget\" data-widget_type=\"progress.default\">\n\t\t\t\t<div class=\"elementor-widget-container\">\n\t\t\t\t\t\n\t\t<div class=\"elementor-progress-wrapper progress-success\" role=\"progressbar\" aria-valuemin=\"0\" aria-valuemax=\"100\" aria-valuenow=\"75\" aria-valuetext=\"75% (Solo falta 1 paso)\">\n\t\t\t<div class=\"elementor-progress-bar\" data-max=\"75\">\n\t\t\t\t<span class=\"elementor-progress-text\">Solo falta 1 paso<\/span>\n\t\t\t\t\t\t\t\t\t<span class=\"elementor-progress-percentage\">75%<\/span>\n\t\t\t\t\t\t\t<\/div>\n\t\t<\/div>\n\t\t\t\t\t\t<\/div>\n\t\t\t\t<\/div>\n\t\t\t\t<div class=\"elementor-element elementor-element-71bcbe7a elementor-invisible elementor-widget elementor-widget-heading\" data-id=\"71bcbe7a\" data-element_type=\"widget\" data-e-type=\"widget\" data-settings=\"{&quot;_animation&quot;:&quot;bounce&quot;}\" data-widget_type=\"heading.default\">\n\t\t\t\t<div class=\"elementor-widget-container\">\n\t\t\t\t\t<h1 class=\"elementor-heading-title elementor-size-default\">Solicita una ASESORIA GRATUITA de 40 MINUTOS<\/h1>\t\t\t\t<\/div>\n\t\t\t\t<\/div>\n\t\t\t\t<div class=\"elementor-element elementor-element-55825362 elementor-widget elementor-widget-text-editor\" data-id=\"55825362\" data-element_type=\"widget\" data-e-type=\"widget\" data-widget_type=\"text-editor.default\">\n\t\t\t\t<div class=\"elementor-widget-container\">\n\t\t\t\t\t\t\t\t\t<p style=\"text-align: left;\">Nuestra agencia se especializa exclusivamente en marketing para cirujanos pl\u00e1sticos y cl\u00ednicas est\u00e9ticas.<\/p><p style=\"text-align: left;\">Si quieres impulsar el crecimiento de tu cl\u00ednica, atrayendo m\u00e1s pacientes con un m\u00e9todo probado y GARANTIZADO, te invitamos a agendar una llamada de asesor\u00eda 1 a 1 con nuestro equipo.<\/p><p style=\"text-align: left;\">Queremos saber m\u00e1s sobre tu cl\u00ednica, juntos analizaremos tu potencial de crecimiento y los pasos a seguir para alcanzar tus metas de facturaci\u00f3n.<\/p><p style=\"text-align: left;\">Escoge una fecha y hora para una videollamada v\u00eda Zoom.<\/p>\t\t\t\t\t\t\t\t<\/div>\n\t\t\t\t<\/div>\n\t\t\t\t<div class=\"elementor-element elementor-element-22706c97 calendar elementor-widget elementor-widget-html\" data-id=\"22706c97\" data-element_type=\"widget\" data-e-type=\"widget\" data-widget_type=\"html.default\">\n\t\t\t\t<div class=\"elementor-widget-container\">\n\t\t\t\t\t<iframe src=\"https:\/\/api.leadconnectorhq.com\/widget\/booking\/1dbBJiiBIbhuiG0d06sL\" style=\"width: 100%;border:none;overflow: hidden;\" scrolling=\"no\" id=\"1dbBJiiBIbhuiG0d06sL_1744161710898\"><\/iframe><br><script src=\"https:\/\/api.leadconnectorhq.com\/js\/form_embed.js\" type=\"text\/javascript\"><\/script>\t\t\t\t<\/div>\n\t\t\t\t<\/div>\n\t\t\t\t\t<\/div>\n\t\t<\/div>\n\t\t\t\t\t<\/div>\n\t\t<\/section>\n\t\t\t\t<\/div>\n\t\t","protected":false},"excerpt":{"rendered":"<p>Solo falta 1 paso 75% Solicita una ASESORIA GRATUITA de 40 MINUTOS Nuestra agencia se especializa exclusivamente en marketing para cirujanos pl\u00e1sticos y cl\u00ednicas est\u00e9ticas. Si quieres impulsar el crecimiento de tu cl\u00ednica, atrayendo m\u00e1s pacientes con un m\u00e9todo probado y GARANTIZADO, te invitamos a agendar una llamada de asesor\u00eda 1 a 1 con nuestro [&hellip;]<\/p>\n","protected":false},"author":1,"featured_media":835,"parent":0,"menu_order":0,"comment_status":"closed","ping_status":"closed","template":"","meta":{"footnotes":""},"class_list":["post-477","page","type-page","status-publish","has-post-thumbnail","hentry"],"yoast_head":"<!-- This site is optimized with the Yoast SEO Premium plugin v20.5 (Yoast SEO v20.5) - https:\/\/yoast.com\/wordpress\/plugins\/seo\/ -->\n<title>Agenda una llamada gratuita - Marketing para cirujanos pl\u00e1sticos<\/title>\n<meta name=\"description\" content=\"Agenda una llamada de descubrimiento gratuita, marketing y comunicaci\u00f3n para cirujanos pl\u00e1sticos y clinicas esteticas.\" \/>\n<meta name=\"robots\" content=\"noindex, follow\" \/>\n<meta property=\"og:locale\" content=\"en_US\" \/>\n<meta property=\"og:type\" content=\"article\" \/>\n<meta property=\"og:title\" content=\"Agenda una llamada de descubrimiento gratuita - Impulsemos juntos tu clinica\" \/>\n<meta property=\"og:description\" content=\"Agenda una llamada de descubrimiento gratuita, marketing y comunicaci\u00f3n para cirujanos pl\u00e1sticos y clinicas esteticas.\" \/>\n<meta property=\"og:url\" content=\"https:\/\/southlabs.agency\/es\/llamada\/\" \/>\n<meta property=\"og:site_name\" content=\"South Labs - Digital Marketing\" \/>\n<meta property=\"article:publisher\" content=\"https:\/\/www.facebook.com\/marketing4surgeons\" \/>\n<meta property=\"article:modified_time\" content=\"2025-04-11T13:34:19+00:00\" \/>\n<meta property=\"og:image\" content=\"https:\/\/southlabs.agency\/es\/wp-content\/uploads\/2023\/02\/imagen-doctor.jpeg\" \/>\n\t<meta property=\"og:image:width\" content=\"1280\" \/>\n\t<meta property=\"og:image:height\" content=\"853\" \/>\n\t<meta property=\"og:image:type\" content=\"image\/jpeg\" \/>\n<meta name=\"twitter:card\" content=\"summary_large_image\" \/>\n<meta name=\"twitter:label1\" content=\"Est. reading time\" \/>\n\t<meta name=\"twitter:data1\" content=\"1 minute\" \/>\n<script type=\"application\/ld+json\" class=\"yoast-schema-graph\">{\"@context\":\"https:\/\/schema.org\",\"@graph\":[{\"@type\":\"WebPage\",\"@id\":\"https:\/\/southlabs.agency\/es\/llamada\/\",\"url\":\"https:\/\/southlabs.agency\/es\/llamada\/\",\"name\":\"Agenda una llamada gratuita - Marketing para cirujanos pl\u00e1sticos\",\"isPartOf\":{\"@id\":\"https:\/\/southlabs.agency\/es\/#website\"},\"datePublished\":\"2022-09-03T16:03:47+00:00\",\"dateModified\":\"2025-04-11T13:34:19+00:00\",\"description\":\"Agenda una llamada de descubrimiento gratuita, marketing y comunicaci\u00f3n para cirujanos pl\u00e1sticos y clinicas esteticas.\",\"breadcrumb\":{\"@id\":\"https:\/\/southlabs.agency\/es\/llamada\/#breadcrumb\"},\"inLanguage\":\"en-US\",\"potentialAction\":[{\"@type\":\"ReadAction\",\"target\":[\"https:\/\/southlabs.agency\/es\/llamada\/\"]}]},{\"@type\":\"BreadcrumbList\",\"@id\":\"https:\/\/southlabs.agency\/es\/llamada\/#breadcrumb\",\"itemListElement\":[{\"@type\":\"ListItem\",\"position\":1,\"name\":\"Home\",\"item\":\"https:\/\/southlabs.agency\/es\/\"},{\"@type\":\"ListItem\",\"position\":2,\"name\":\"Agenda una llamada de descubrimiento gratuita &#8211; Impulsemos juntos tu clinica\"}]},{\"@type\":\"WebSite\",\"@id\":\"https:\/\/southlabs.agency\/es\/#website\",\"url\":\"https:\/\/southlabs.agency\/es\/\",\"name\":\"South Labs - Digital Marketing\",\"description\":\"We do real marketing for you\",\"publisher\":{\"@id\":\"https:\/\/southlabs.agency\/es\/#organization\"},\"potentialAction\":[{\"@type\":\"SearchAction\",\"target\":{\"@type\":\"EntryPoint\",\"urlTemplate\":\"https:\/\/southlabs.agency\/es\/?s={search_term_string}\"},\"query-input\":\"required name=search_term_string\"}],\"inLanguage\":\"en-US\"},{\"@type\":\"Organization\",\"@id\":\"https:\/\/southlabs.agency\/es\/#organization\",\"name\":\"South Labs - Marketing digital para cirujanos pl\u00e1sticos y cl\u00ednicas est\u00e9ticas\",\"url\":\"https:\/\/southlabs.agency\/es\/\",\"logo\":{\"@type\":\"ImageObject\",\"inLanguage\":\"en-US\",\"@id\":\"https:\/\/southlabs.agency\/es\/#\/schema\/logo\/image\/\",\"url\":\"https:\/\/southlabs.agency\/es\/wp-content\/uploads\/2022\/08\/cropped-south-labs-long-logo.png\",\"contentUrl\":\"https:\/\/southlabs.agency\/es\/wp-content\/uploads\/2022\/08\/cropped-south-labs-long-logo.png\",\"width\":2512,\"height\":718,\"caption\":\"South Labs - Marketing digital para cirujanos pl\u00e1sticos y cl\u00ednicas est\u00e9ticas\"},\"image\":{\"@id\":\"https:\/\/southlabs.agency\/es\/#\/schema\/logo\/image\/\"},\"sameAs\":[\"https:\/\/www.facebook.com\/marketing4surgeons\",\"https:\/\/www.instagram.com\/marketing4surgeons\/\"]}]}<\/script>\n<!-- \/ Yoast SEO Premium plugin. -->","yoast_head_json":{"title":"Agenda una llamada gratuita - Marketing para cirujanos pl\u00e1sticos","description":"Agenda una llamada de descubrimiento gratuita, marketing y comunicaci\u00f3n para cirujanos pl\u00e1sticos y clinicas esteticas.","robots":{"index":"noindex","follow":"follow"},"og_locale":"en_US","og_type":"article","og_title":"Agenda una llamada de descubrimiento gratuita - Impulsemos juntos tu clinica","og_description":"Agenda una llamada de descubrimiento gratuita, marketing y comunicaci\u00f3n para cirujanos pl\u00e1sticos y clinicas esteticas.","og_url":"https:\/\/southlabs.agency\/es\/llamada\/","og_site_name":"South Labs - Digital Marketing","article_publisher":"https:\/\/www.facebook.com\/marketing4surgeons","article_modified_time":"2025-04-11T13:34:19+00:00","og_image":[{"width":1280,"height":853,"url":"https:\/\/southlabs.agency\/es\/wp-content\/uploads\/2023\/02\/imagen-doctor.jpeg","type":"image\/jpeg"}],"twitter_card":"summary_large_image","twitter_misc":{"Est. reading time":"1 minute"},"schema":{"@context":"https:\/\/schema.org","@graph":[{"@type":"WebPage","@id":"https:\/\/southlabs.agency\/es\/llamada\/","url":"https:\/\/southlabs.agency\/es\/llamada\/","name":"Agenda una llamada gratuita - Marketing para cirujanos pl\u00e1sticos","isPartOf":{"@id":"https:\/\/southlabs.agency\/es\/#website"},"datePublished":"2022-09-03T16:03:47+00:00","dateModified":"2025-04-11T13:34:19+00:00","description":"Agenda una llamada de descubrimiento gratuita, marketing y comunicaci\u00f3n para cirujanos pl\u00e1sticos y clinicas esteticas.","breadcrumb":{"@id":"https:\/\/southlabs.agency\/es\/llamada\/#breadcrumb"},"inLanguage":"en-US","potentialAction":[{"@type":"ReadAction","target":["https:\/\/southlabs.agency\/es\/llamada\/"]}]},{"@type":"BreadcrumbList","@id":"https:\/\/southlabs.agency\/es\/llamada\/#breadcrumb","itemListElement":[{"@type":"ListItem","position":1,"name":"Home","item":"https:\/\/southlabs.agency\/es\/"},{"@type":"ListItem","position":2,"name":"Agenda una llamada de descubrimiento gratuita &#8211; Impulsemos juntos tu clinica"}]},{"@type":"WebSite","@id":"https:\/\/southlabs.agency\/es\/#website","url":"https:\/\/southlabs.agency\/es\/","name":"South Labs - Digital Marketing","description":"We do real marketing for you","publisher":{"@id":"https:\/\/southlabs.agency\/es\/#organization"},"potentialAction":[{"@type":"SearchAction","target":{"@type":"EntryPoint","urlTemplate":"https:\/\/southlabs.agency\/es\/?s={search_term_string}"},"query-input":"required name=search_term_string"}],"inLanguage":"en-US"},{"@type":"Organization","@id":"https:\/\/southlabs.agency\/es\/#organization","name":"South Labs - Marketing digital para cirujanos pl\u00e1sticos y cl\u00ednicas est\u00e9ticas","url":"https:\/\/southlabs.agency\/es\/","logo":{"@type":"ImageObject","inLanguage":"en-US","@id":"https:\/\/southlabs.agency\/es\/#\/schema\/logo\/image\/","url":"https:\/\/southlabs.agency\/es\/wp-content\/uploads\/2022\/08\/cropped-south-labs-long-logo.png","contentUrl":"https:\/\/southlabs.agency\/es\/wp-content\/uploads\/2022\/08\/cropped-south-labs-long-logo.png","width":2512,"height":718,"caption":"South Labs - Marketing digital para cirujanos pl\u00e1sticos y cl\u00ednicas est\u00e9ticas"},"image":{"@id":"https:\/\/southlabs.agency\/es\/#\/schema\/logo\/image\/"},"sameAs":["https:\/\/www.facebook.com\/marketing4surgeons","https:\/\/www.instagram.com\/marketing4surgeons\/"]}]}},"_links":{"self":[{"href":"https:\/\/southlabs.agency\/es\/wp-json\/wp\/v2\/pages\/477","targetHints":{"allow":["GET"]}}],"collection":[{"href":"https:\/\/southlabs.agency\/es\/wp-json\/wp\/v2\/pages"}],"about":[{"href":"https:\/\/southlabs.agency\/es\/wp-json\/wp\/v2\/types\/page"}],"author":[{"embeddable":true,"href":"https:\/\/southlabs.agency\/es\/wp-json\/wp\/v2\/users\/1"}],"replies":[{"embeddable":true,"href":"https:\/\/southlabs.agency\/es\/wp-json\/wp\/v2\/comments?post=477"}],"version-history":[{"count":59,"href":"https:\/\/southlabs.agency\/es\/wp-json\/wp\/v2\/pages\/477\/revisions"}],"predecessor-version":[{"id":2305,"href":"https:\/\/southlabs.agency\/es\/wp-json\/wp\/v2\/pages\/477\/revisions\/2305"}],"wp:featuredmedia":[{"embeddable":true,"href":"https:\/\/southlabs.agency\/es\/wp-json\/wp\/v2\/media\/835"}],"wp:attachment":[{"href":"https:\/\/southlabs.agency\/es\/wp-json\/wp\/v2\/media?parent=477"}],"curies":[{"name":"wp","href":"https:\/\/api.w.org\/{rel}","templated":true}]}}